{"id":103,"date":"2018-03-18T03:11:29","date_gmt":"2018-03-18T03:11:29","guid":{"rendered":"http:\/\/miurausa.com\/?page_id=103"},"modified":"2020-11-11T19:38:55","modified_gmt":"2020-11-11T19:38:55","slug":"services","status":"publish","type":"page","link":"https:\/\/miuracapital.com.pa\/?page_id=103","title":{"rendered":"Productos y Servicios"},"content":{"rendered":"<p>[et_pb_section bb_built=\u00bb1&#8243; _builder_version=\u00bb3.0.106&#8243; background_image=\u00bbhttps:\/\/www.miuracapital.com.pa\/wp-content\/uploads\/2018\/07\/pexels-photo-421655.jpg\u00bb custom_padding=\u00bb54px|0px|38px|0px\u00bb filter_contrast=\u00bb119%\u00bb next_background_color=\u00bb#000000&#8243;][et_pb_row custom_padding=\u00bb||37px|\u00bb custom_margin=\u00bb|||100px\u00bb _builder_version=\u00bb3.0.106&#8243; module_alignment=\u00bbleft\u00bb custom_margin_phone=\u00bb|10px||10px\u00bb custom_margin_last_edited=\u00bbon|desktop\u00bb][et_pb_column type=\u00bb4_4&#8243;][et_pb_cta title=\u00bbEstamos aqu\u00ed para ayudarle a construir y preservar su\u00bb button_url=\u00bbhttps:\/\/www.miuracapital.com.pa\/about-us\/\u00bb button_text=\u00bbConozca m\u00e1s\u00bb background_color=\u00bbrgba(0,0,0,0.29)\u00bb _builder_version=\u00bb3.0.106&#8243; header_font=\u00bbOpen Sans|600|||||||\u00bb header_font_size_phone=\u00bb22px\u00bb header_font_size_last_edited=\u00bbon|desktop\u00bb body_font=\u00bbOpen Sans|700|||||||\u00bb body_text_align=\u00bbleft\u00bb body_font_size=\u00bb33px\u00bb body_line_height=\u00bb1em\u00bb text_orientation=\u00bbleft\u00bb module_alignment=\u00bbleft\u00bb custom_margin=\u00bb|||\u00bb custom_button=\u00bbon\u00bb button_text_size=\u00bb16px\u00bb button_bg_color=\u00bb#e02b20&#8243; button_bg_use_color_gradient=\u00bbon\u00bb button_bg_color_gradient_start=\u00bb#3C6EB5&#8243; button_bg_color_gradient_end=\u00bb#3C6EB5&#8243; button_border_width=\u00bb0px\u00bb button_border_radius=\u00bb8px\u00bb button_font=\u00bbOpen Sans|600|||||||\u00bb button_on_hover=\u00bboff\u00bb button_text_size_last_edited=\u00bboff|desktop\u00bb button_alignment=\u00bbleft\u00bb url_new_window=\u00bboff\u00bb use_background_color=\u00bbon\u00bb background_layout=\u00bbdark\u00bb button_icon_placement=\u00bbright\u00bb]<\/p>\n<div class=\"et_pb_promo_description\">\n<p>Prosperidad Financiera<\/p>\n<\/div>\n<p>[\/et_pb_cta][\/et_pb_column][\/et_pb_row][\/et_pb_section][et_pb_section bb_built=\u00bb1&#8243; _builder_version=\u00bb3.0.106&#8243; custom_padding=\u00bb87.65625px|0|82px|0px\u00bb prev_background_color=\u00bb#000000&#8243; next_background_color=\u00bb#000000&#8243;][et_pb_row custom_padding=\u00bb31px|0px|31.578125px|0px\u00bb _builder_version=\u00bb3.0.106&#8243;][et_pb_column type=\u00bb4_4&#8243;][et_pb_text _builder_version=\u00bb3.0.106&#8243; text_font=\u00bbOpen Sans|300|||||||\u00bb text_font_size=\u00bb35px\u00bb text_text_color=\u00bb#13284b\u00bb text_orientation=\u00bbcenter\u00bb background_layout=\u00bblight\u00bb]<\/p>\n<p style=\"text-align: center;\">Productos y Servicios<br \/>\n<img loading=\"lazy\" decoding=\"async\" class=\"wp-image-27 alignnone size-full\" src=\"https:\/\/www.miuracapital.com.pa\/wp-content\/uploads\/2018\/03\/line.svg\" alt=\"\" width=\"184\" height=\"4\" \/><\/p>\n<p>[\/et_pb_text][et_pb_divider _builder_version=\u00bb3.0.106&#8243; \/][et_pb_text _builder_version=\u00bb3.0.106&#8243; text_font=\u00bbOpen Sans|300|||||||\u00bb text_font_size=\u00bb21px\u00bb text_text_color=\u00bb#13284b\u00bb text_orientation=\u00bbcenter\u00bb background_layout=\u00bblight\u00bb text_line_height=\u00bb1.8em\u00bb]<\/p>\n<p style=\"text-align: left;\">Miura Capital Panam\u00e1 inc. realizar\u00e1 todas las actividades propias del negocio de casa de valores previstas en la Ley de Valores y en el art\u00edculo 3 del Acuerdo No. 2-2011, las cuales incluyen actividades compatibles con el objeto social de una casa de valores, tales como:<\/p>\n<p>[\/et_pb_text][\/et_pb_column][\/et_pb_row][et_pb_row][et_pb_column type=\u00bb1_3&#8243;][et_pb_blurb _builder_version=\u00bb3.0.106&#8243; title=\u00bbCompra y venta de t\u00edtulos valores en mercado local e Internacional\u00bb url=\u00bb#\u00bb url_new_window=\u00bboff\u00bb use_icon=\u00bboff\u00bb image=\u00bbhttps:\/\/www.miuracapital.com.pa\/wp-content\/uploads\/2016\/09\/acting.svg\u00bb use_circle=\u00bboff\u00bb use_circle_border=\u00bboff\u00bb icon_placement=\u00bbtop\u00bb use_icon_font_size=\u00bboff\u00bb background_layout=\u00bblight\u00bb text_orientation=\u00bbcenter\u00bb content_max_width=\u00bb380px\u00bb image_max_width=\u00bb60%\u00bb \/][et_pb_blurb _builder_version=\u00bb3.0.106&#8243; title=\u00bbRealizar operaciones de intercambio de valores, de contado (spot) o a plazo (forward)\u00bb url_new_window=\u00bboff\u00bb use_icon=\u00bboff\u00bb image=\u00bbhttps:\/\/www.miuracapital.com.pa\/wp-content\/uploads\/2016\/09\/administracion-carteras.svg\u00bb use_circle=\u00bboff\u00bb use_circle_border=\u00bboff\u00bb icon_placement=\u00bbtop\u00bb use_icon_font_size=\u00bboff\u00bb background_layout=\u00bblight\u00bb image_max_width=\u00bb60%\u00bb content_max_width=\u00bb380px\u00bb text_orientation=\u00bbcenter\u00bb \/][et_pb_blurb _builder_version=\u00bb3.0.106&#8243; title=\u00bbOtorgar pr\u00e9stamos o financiamientos para la compra en cartera de t\u00edtulos valores (pr\u00e9stamos de margen)\u00bb url_new_window=\u00bboff\u00bb use_icon=\u00bboff\u00bb image=\u00bbhttps:\/\/www.miuracapital.com.pa\/wp-content\/uploads\/2016\/09\/prestamo.svg\u00bb use_circle=\u00bboff\u00bb use_circle_border=\u00bboff\u00bb icon_placement=\u00bbtop\u00bb use_icon_font_size=\u00bboff\u00bb background_layout=\u00bblight\u00bb image_max_width=\u00bb60%\u00bb content_max_width=\u00bb380px\u00bb body_text_align=\u00bbcenter\u00bb text_orientation=\u00bbcenter\u00bb \/][\/et_pb_column][et_pb_column type=\u00bb1_3&#8243;][et_pb_blurb _builder_version=\u00bb3.0.106&#8243; title=\u00bbPrestar y recibir en pr\u00e9stamos t\u00edtulos valores\u00bb url=\u00bb#\u00bb url_new_window=\u00bboff\u00bb use_icon=\u00bboff\u00bb image=\u00bbhttps:\/\/www.miuracapital.com.pa\/wp-content\/uploads\/2016\/09\/mediacion.svg\u00bb use_circle=\u00bboff\u00bb use_circle_border=\u00bboff\u00bb icon_placement=\u00bbtop\u00bb use_icon_font_size=\u00bboff\u00bb background_layout=\u00bblight\u00bb text_orientation=\u00bbcenter\u00bb image_max_width=\u00bb60%\u00bb content_max_width=\u00bb380px\u00bb \/][et_pb_blurb _builder_version=\u00bb3.0.106&#8243; title=\u00bb Realizar operaciones de futuros, opciones y dem\u00e1s derivados\u00bb url_new_window=\u00bboff\u00bb use_icon=\u00bboff\u00bb image=\u00bbhttps:\/\/www.miuracapital.com.pa\/wp-content\/uploads\/2016\/09\/administracion-carteras.svg\u00bb use_circle=\u00bboff\u00bb use_circle_border=\u00bboff\u00bb icon_placement=\u00bbtop\u00bb use_icon_font_size=\u00bboff\u00bb background_layout=\u00bblight\u00bb image_max_width=\u00bb60%\u00bb content_max_width=\u00bb380px\u00bb header_text_align=\u00bbcenter\u00bb body_text_align=\u00bbcenter\u00bb text_orientation=\u00bbcenter\u00bb \/][et_pb_blurb _builder_version=\u00bb3.0.106&#8243; title=\u00bbParticipar como originador y\/o estructurador de titularizaciones de valores objeto de oferta p\u00fablica previamente aprobada por la Superintendencia del Mercado de Valores y\/o un organismo equivalente del exterior\u00bb url_new_window=\u00bboff\u00bb use_icon=\u00bboff\u00bb image=\u00bbhttps:\/\/www.miuracapital.com.pa\/wp-content\/uploads\/2016\/09\/cualquier.svg\u00bb use_circle=\u00bboff\u00bb use_circle_border=\u00bboff\u00bb icon_placement=\u00bbtop\u00bb use_icon_font_size=\u00bboff\u00bb background_layout=\u00bblight\u00bb image_max_width=\u00bb60%\u00bb content_max_width=\u00bb380px\u00bb text_orientation=\u00bbcenter\u00bb body_text_align=\u00bbcenter\u00bb \/][\/et_pb_column][et_pb_column type=\u00bb1_3&#8243;][et_pb_blurb _builder_version=\u00bb3.0.106&#8243; title=\u00bbRealizar actividades de asesoramiento, colocaci\u00f3n y distribuci\u00f3n primaria relativas a emisiones de oferta p\u00fablica\u00bb url=\u00bb#\u00bb url_new_window=\u00bboff\u00bb use_icon=\u00bboff\u00bb image=\u00bbhttps:\/\/www.miuracapital.com.pa\/wp-content\/uploads\/2016\/09\/asset-management-icon-2.svg\u00bb use_circle=\u00bboff\u00bb use_circle_border=\u00bboff\u00bb icon_placement=\u00bbtop\u00bb use_icon_font_size=\u00bboff\u00bb background_layout=\u00bblight\u00bb text_orientation=\u00bbcenter\u00bb image_max_width=\u00bb60%\u00bb content_max_width=\u00bb380px\u00bb \/][et_pb_blurb _builder_version=\u00bb3.0.106&#8243; title=\u00bbAdministrar cuentas de custodia, valores y dineros de clientes en forma discrecional o no discrecional\u00bb url_new_window=\u00bboff\u00bb use_icon=\u00bboff\u00bb image=\u00bbhttps:\/\/www.miuracapital.com.pa\/wp-content\/uploads\/2016\/09\/custodia.svg\u00bb use_circle=\u00bboff\u00bb use_circle_border=\u00bboff\u00bb icon_placement=\u00bbtop\u00bb use_icon_font_size=\u00bboff\u00bb background_layout=\u00bblight\u00bb image_max_width=\u00bb60%\u00bb content_max_width=\u00bb380px\u00bb body_text_align=\u00bbcenter\u00bb text_orientation=\u00bbcenter\u00bb \/][et_pb_blurb _builder_version=\u00bb3.0.106&#8243; title=\u00bbPrestar asesor\u00eda en materia de estructuraci\u00f3n de valores, operaciones burs\u00e1tiles, reestructuraciones de balances de empresas, fusiones y adquisiciones\u00bb url_new_window=\u00bboff\u00bb use_icon=\u00bboff\u00bb image=\u00bbhttps:\/\/www.miuracapital.com.pa\/wp-content\/uploads\/2016\/09\/ejecucion.svg\u00bb use_circle=\u00bboff\u00bb use_circle_border=\u00bboff\u00bb icon_placement=\u00bbtop\u00bb use_icon_font_size=\u00bboff\u00bb background_layout=\u00bblight\u00bb image_max_width=\u00bb60%\u00bb content_max_width=\u00bb380px\u00bb text_orientation=\u00bbcenter\u00bb header_text_align=\u00bbcenter\u00bb body_text_align=\u00bbcenter\u00bb \/][\/et_pb_column][\/et_pb_row][\/et_pb_section][et_pb_section bb_built=\u00bb1&#8243; fullwidth=\u00bboff\u00bb specialty=\u00bboff\u00bb prev_background_color=\u00bb#000000&#8243; next_background_color=\u00bb#000000&#8243;][et_pb_row custom_padding=\u00bb44px|0px|20.328125px|0px\u00bb custom_padding_phone=\u00bb10px|0px|10px|0px\u00bb custom_padding_last_edited=\u00bbon|desktop\u00bb _builder_version=\u00bb3.0.106&#8243; global_module=\u00bb3781&#8243;][et_pb_column type=\u00bb1_2&#8243;][et_pb_text global_parent=\u00bb3781&#8243; _builder_version=\u00bb3.0.106&#8243; text_font=\u00bbOpen Sans||||||||\u00bb text_font_size=\u00bb31px\u00bb text_font_size_phone=\u00bb18px\u00bb text_font_size_last_edited=\u00bbon|desktop\u00bb text_text_color=\u00bb#3a6fb6&#8243; header_font_size_phone=\u00bb18px\u00bb header_font_size_last_edited=\u00bbon|desktop\u00bb text_orientation=\u00bbcenter\u00bb custom_margin=\u00bb5%|||\u00bb custom_margin_phone=\u00bb0%|||\u00bb custom_margin_last_edited=\u00bbon|desktop\u00bb custom_padding_last_edited=\u00bbon|desktop\u00bb background_layout=\u00bblight\u00bb]<\/p>\n<p>\u00bfTiene una pregunta,<\/p>\n<p>sugerencia o reclamo?<br \/>\n<img loading=\"lazy\" decoding=\"async\" class=\"wp-image-27 alignnone size-full\" src=\"https:\/\/www.miuracapital.com.pa\/wp-content\/uploads\/2018\/03\/line.svg\" alt=\"\" width=\"132\" height=\"3\" \/><\/p>\n<p>[\/et_pb_text][et_pb_text global_parent=\u00bb3781&#8243; _builder_version=\u00bb3.0.106&#8243; text_font=\u00bbOpen Sans||||||||\u00bb text_font_size=\u00bb16px\u00bb text_line_height=\u00bb2.1em\u00bb text_orientation=\u00bbcenter\u00bb max_width=\u00bb90%\u00bb module_alignment=\u00bbcenter\u00bb background_layout=\u00bblight\u00bb]<\/p>\n<p>Utilice este formulario para hacernos llegar sus inquietudes, sugerencias o reclamos. Nos pondremos en cont\u00e1cto con usted lo m\u00e1s pronto posible.<\/p>\n<p><span style=\"font-size: 8pt; text-align: justify;\">\u201cMiura Capital Panam\u00e1, Inc., ha asumido el compromiso de que sus actividades se conduzcan con los m\u00e1s altos niveles de \u00e9tica, responsabilidad y profesionalismo, por lo que igualmente pone a su disposici\u00f3n el anterior formulario, para que pueda hacernos llegar sus sugerencia y\/o reclamos en aras de poder brindarle un mejor servicio, as\u00ed como reportes o denuncias en caso de sospechas de actividades deshonestas o fraudulentas. Cualquier reporte o denuncia podr\u00e1 ser realizada de forma an\u00f3nima, y se manejar\u00e1n con la debida confidencialidad.\u201d<\/span><\/p>\n<p>[\/et_pb_text][\/et_pb_column][et_pb_column type=\u00bb1_2&#8243;][et_pb_contact_form global_parent=\u00bb3781&#8243; email=\u00bboperations@miurausa.com\u00bb success_message=\u00bbGracias por contactarnos.\u00bb module_id=\u00bbet_pb_contact_form_0&#8243; _builder_version=\u00bb3.0.106&#8243; custom_button=\u00bbon\u00bb button_text_size=\u00bb15px\u00bb button_text_color=\u00bb#ffffff\u00bb button_bg_color=\u00bb#3A6FB6&#8243; button_border_width=\u00bb0px\u00bb button_font=\u00bbOpen Sans||||||||\u00bb captcha=\u00bbon\u00bb use_redirect=\u00bboff\u00bb button_icon_placement=\u00bbright\u00bb][et_pb_contact_field field_id=\u00bbName\u00bb field_title=\u00bbNombre Completo\u00bb _builder_version=\u00bb3.0.106&#8243; field_type=\u00bbinput\u00bb checkbox_checked=\u00bboff\u00bb checkbox_options=\u00bb%91{%22value%22:%22Full Name%22,%22checked%22:0}%93&#8243; radio_options=\u00bb%91{%22value%22:%22Full Name%22,%22checked%22:0}%93&#8243; select_options=\u00bb%91{%22value%22:%22Full Name%22,%22checked%22:0}%93&#8243; min_length=\u00bb0&#8243; max_length=\u00bb0&#8243; allowed_symbols=\u00bball\u00bb required_mark=\u00bbon\u00bb conditional_logic=\u00bboff\u00bb conditional_logic_relation=\u00bboff\u00bb conditional_logic_rules=\u00bb%91{%22field%22:%22email%22,%22condition%22:%22is%22,%22value%22:%22%22}%93&#8243; use_background_color_gradient=\u00bboff\u00bb background_color_gradient_start=\u00bb#2b87da\u00bb background_color_gradient_end=\u00bb#29c4a9&#8243; background_color_gradient_type=\u00bblinear\u00bb background_color_gradient_direction=\u00bb180deg\u00bb background_color_gradient_direction_radial=\u00bbcenter\u00bb background_color_gradient_start_position=\u00bb0%\u00bb background_color_gradient_end_position=\u00bb100%\u00bb background_color_gradient_overlays_image=\u00bboff\u00bb parallax=\u00bboff\u00bb parallax_method=\u00bbon\u00bb background_size=\u00bbcover\u00bb background_position=\u00bbcenter\u00bb background_repeat=\u00bbno-repeat\u00bb background_blend=\u00bbnormal\u00bb allow_player_pause=\u00bboff\u00bb background_video_pause_outside_viewport=\u00bbon\u00bb fullwidth_field=\u00bbon\u00bb form_field_text_shadow_style=\u00bbnone\u00bb box_shadow_style=\u00bbnone\u00bb \/][et_pb_contact_field field_id=\u00bbEmail\u00bb field_title=\u00bbCorreo electr\u00f3nico\u00bb field_type=\u00bbemail\u00bb _builder_version=\u00bb3.0.106&#8243; checkbox_checked=\u00bboff\u00bb checkbox_options=\u00bb%91{%22value%22:%22Email Address%22,%22checked%22:0}%93&#8243; radio_options=\u00bb%91{%22value%22:%22Email Address%22,%22checked%22:0}%93&#8243; select_options=\u00bb%91{%22value%22:%22Email Address%22,%22checked%22:0}%93&#8243; min_length=\u00bb0&#8243; max_length=\u00bb0&#8243; allowed_symbols=\u00bball\u00bb required_mark=\u00bbon\u00bb conditional_logic=\u00bboff\u00bb conditional_logic_relation=\u00bboff\u00bb conditional_logic_rules=\u00bb%91{%22field%22:%22name%22,%22condition%22:%22is%22,%22value%22:%22%22}%93&#8243; use_background_color_gradient=\u00bboff\u00bb background_color_gradient_start=\u00bb#2b87da\u00bb background_color_gradient_end=\u00bb#29c4a9&#8243; background_color_gradient_type=\u00bblinear\u00bb background_color_gradient_direction=\u00bb180deg\u00bb background_color_gradient_direction_radial=\u00bbcenter\u00bb background_color_gradient_start_position=\u00bb0%\u00bb background_color_gradient_end_position=\u00bb100%\u00bb background_color_gradient_overlays_image=\u00bboff\u00bb parallax=\u00bboff\u00bb parallax_method=\u00bbon\u00bb background_size=\u00bbcover\u00bb background_position=\u00bbcenter\u00bb background_repeat=\u00bbno-repeat\u00bb background_blend=\u00bbnormal\u00bb allow_player_pause=\u00bboff\u00bb background_video_pause_outside_viewport=\u00bbon\u00bb fullwidth_field=\u00bbon\u00bb form_field_text_shadow_style=\u00bbnone\u00bb box_shadow_style=\u00bbnone\u00bb \/][et_pb_contact_field field_id=\u00bbField_5&#8243; field_title=\u00bbTel\u00e9fono\u00bb allowed_symbols=\u00bbnumbers\u00bb required_mark=\u00bboff\u00bb fullwidth_field=\u00bbon\u00bb _builder_version=\u00bb3.0.106&#8243; field_type=\u00bbinput\u00bb checkbox_checked=\u00bboff\u00bb checkbox_options=\u00bb%91{%22value%22:%22Phone Number%22,%22checked%22:0}%93&#8243; radio_options=\u00bb%91{%22value%22:%22Phone Number%22,%22checked%22:0}%93&#8243; select_options=\u00bb%91{%22value%22:%22Phone Number%22,%22checked%22:0}%93&#8243; min_length=\u00bb0&#8243; max_length=\u00bb0&#8243; conditional_logic=\u00bboff\u00bb conditional_logic_relation=\u00bboff\u00bb conditional_logic_rules=\u00bb%91{%22field%22:%22name%22,%22condition%22:%22is%22,%22value%22:%22%22}%93&#8243; use_background_color_gradient=\u00bboff\u00bb background_color_gradient_start=\u00bb#2b87da\u00bb background_color_gradient_end=\u00bb#29c4a9&#8243; background_color_gradient_type=\u00bblinear\u00bb background_color_gradient_direction=\u00bb180deg\u00bb background_color_gradient_direction_radial=\u00bbcenter\u00bb background_color_gradient_start_position=\u00bb0%\u00bb background_color_gradient_end_position=\u00bb100%\u00bb background_color_gradient_overlays_image=\u00bboff\u00bb parallax=\u00bboff\u00bb parallax_method=\u00bbon\u00bb background_size=\u00bbcover\u00bb background_position=\u00bbcenter\u00bb background_repeat=\u00bbno-repeat\u00bb background_blend=\u00bbnormal\u00bb allow_player_pause=\u00bboff\u00bb background_video_pause_outside_viewport=\u00bbon\u00bb form_field_text_shadow_style=\u00bbnone\u00bb box_shadow_style=\u00bbnone\u00bb \/][et_pb_contact_field field_id=\u00bbsubject\u00bb field_title=\u00bbAsunto\u00bb fullwidth_field=\u00bbon\u00bb _builder_version=\u00bb3.0.106&#8243; field_type=\u00bbinput\u00bb checkbox_checked=\u00bboff\u00bb checkbox_options=\u00bb%91{%22value%22:%22Subject%22,%22checked%22:0}%93&#8243; radio_options=\u00bb%91{%22value%22:%22Subject%22,%22checked%22:0}%93&#8243; select_options=\u00bb%91{%22value%22:%22Subject%22,%22checked%22:0}%93&#8243; min_length=\u00bb0&#8243; max_length=\u00bb0&#8243; allowed_symbols=\u00bball\u00bb required_mark=\u00bbon\u00bb conditional_logic=\u00bboff\u00bb conditional_logic_relation=\u00bboff\u00bb conditional_logic_rules=\u00bb%91{%22field%22:%22name%22,%22condition%22:%22is%22,%22value%22:%22%22}%93&#8243; use_background_color_gradient=\u00bboff\u00bb background_color_gradient_start=\u00bb#2b87da\u00bb background_color_gradient_end=\u00bb#29c4a9&#8243; background_color_gradient_type=\u00bblinear\u00bb background_color_gradient_direction=\u00bb180deg\u00bb background_color_gradient_direction_radial=\u00bbcenter\u00bb background_color_gradient_start_position=\u00bb0%\u00bb background_color_gradient_end_position=\u00bb100%\u00bb background_color_gradient_overlays_image=\u00bboff\u00bb parallax=\u00bboff\u00bb parallax_method=\u00bbon\u00bb background_size=\u00bbcover\u00bb background_position=\u00bbcenter\u00bb background_repeat=\u00bbno-repeat\u00bb background_blend=\u00bbnormal\u00bb allow_player_pause=\u00bboff\u00bb background_video_pause_outside_viewport=\u00bbon\u00bb form_field_text_shadow_style=\u00bbnone\u00bb box_shadow_style=\u00bbnone\u00bb \/][et_pb_contact_field field_id=\u00bbMessage\u00bb field_title=\u00bbMensaje\u00bb field_type=\u00bbtext\u00bb fullwidth_field=\u00bbon\u00bb _builder_version=\u00bb3.0.106&#8243; checkbox_checked=\u00bboff\u00bb checkbox_options=\u00bb%91{%22value%22:%22Message%22,%22checked%22:0}%93&#8243; radio_options=\u00bb%91{%22value%22:%22Message%22,%22checked%22:0}%93&#8243; select_options=\u00bb%91{%22value%22:%22Message%22,%22checked%22:0}%93&#8243; min_length=\u00bb0&#8243; max_length=\u00bb0&#8243; allowed_symbols=\u00bball\u00bb required_mark=\u00bbon\u00bb conditional_logic=\u00bboff\u00bb conditional_logic_relation=\u00bboff\u00bb conditional_logic_rules=\u00bb%91{%22field%22:%22name%22,%22condition%22:%22is%22,%22value%22:%22%22}%93&#8243; use_background_color_gradient=\u00bboff\u00bb background_color_gradient_start=\u00bb#2b87da\u00bb background_color_gradient_end=\u00bb#29c4a9&#8243; background_color_gradient_type=\u00bblinear\u00bb background_color_gradient_direction=\u00bb180deg\u00bb background_color_gradient_direction_radial=\u00bbcenter\u00bb background_color_gradient_start_position=\u00bb0%\u00bb background_color_gradient_end_position=\u00bb100%\u00bb background_color_gradient_overlays_image=\u00bboff\u00bb parallax=\u00bboff\u00bb parallax_method=\u00bbon\u00bb background_size=\u00bbcover\u00bb background_position=\u00bbcenter\u00bb background_repeat=\u00bbno-repeat\u00bb background_blend=\u00bbnormal\u00bb allow_player_pause=\u00bboff\u00bb background_video_pause_outside_viewport=\u00bbon\u00bb form_field_text_shadow_style=\u00bbnone\u00bb box_shadow_style=\u00bbnone\u00bb \/][\/et_pb_contact_form][\/et_pb_column][\/et_pb_row][\/et_pb_section][et_pb_section bb_built=\u00bb1&#8243; _builder_version=\u00bb3.0.106&#8243; prev_background_color=\u00bb#000000&#8243; global_module=\u00bb88&#8243;][et_pb_row global_parent=\u00bb88&#8243; _builder_version=\u00bb3.0.47&#8243; background_size=\u00bbinitial\u00bb background_position=\u00bbtop_left\u00bb background_repeat=\u00bbrepeat\u00bb][et_pb_column type=\u00bb4_4&#8243;][et_pb_divider global_parent=\u00bb88&#8243; show_divider=\u00bbon\u00bb _builder_version=\u00bb3.0.106&#8243; background_color=\u00bb#f4f4f4&#8243; \/][\/et_pb_column][\/et_pb_row][et_pb_row global_parent=\u00bb88&#8243; _builder_version=\u00bb3.0.106&#8243;][et_pb_column type=\u00bb1_4&#8243;][et_pb_text global_parent=\u00bb88&#8243; _builder_version=\u00bb3.0.106&#8243; background_layout=\u00bblight\u00bb]<\/p>\n<p><img loading=\"lazy\" decoding=\"async\" class=\"wp-image-8 alignnone size-full\" src=\"https:\/\/www.miuracapital.com.pa\/wp-content\/uploads\/2018\/03\/logo.svg\" alt=\"\" width=\"96\" height=\"60\" \/><\/p>\n<p>Ciudad de Panam\u00e1<br \/>\nPiso 24, Oficina 2401. Avenida Aquilino de la<br \/>\nGuardia y Calle 47<br \/>\nPanam\u00e1.<br \/>\nTel\u00e9fonos: (507) 264-5460 \/ 5974 \/ 0323<br \/>\nFax: (507) 264-8494<br \/>\nEmail: atencionalcliente@miuracapital.com.pa<\/p>\n<p>[\/et_pb_text][\/et_pb_column][et_pb_column type=\u00bb1_4&#8243;][\/et_pb_column][et_pb_column type=\u00bb1_4&#8243;][et_pb_text global_parent=\u00bb88&#8243; _builder_version=\u00bb3.0.106&#8243; background_layout=\u00bblight\u00bb]<\/p>\n<p><span style=\"color: #003366;\">Enlaces Directos<\/span><\/p>\n<p><a href=\"https:\/\/www.miuracapital.com.pa\/\">Inicio<\/a><br \/>\n<a href=\"https:\/\/www.miuracapital.com.pa\/about-us\/\">Nosotros<\/a><br \/>\n<a href=\"https:\/\/www.miuracapital.com.pa\/services\/\">Servicios<\/a><!--\n<a href=\"https:\/\/www.miuracapital.com.pa\/#news\">Noticias<\/a>--><br \/>\n<a href=\"https:\/\/www.miuracapital.com.pa\/contact-us\/\">Cont\u00e1ctenos<\/a><\/p>\n<p>[\/et_pb_text][\/et_pb_column][et_pb_column type=\u00bb1_4&#8243;][et_pb_text global_parent=\u00bb88&#8243; _builder_version=\u00bb3.0.106&#8243; background_layout=\u00bblight\u00bb]<\/p>\n<p><span style=\"color: #003366;\"><a href=\"https:\/\/www.supervalores.gob.pa\">Entidad Regulada y Supervisada por la Superintendencia del Mercado de Valores de Panam\u00e1<\/a><\/span><\/p>\n<p>[\/et_pb_text][et_pb_image global_parent=\u00bb88&#8243; src=\u00bbhttps:\/\/www.miuracapital.com.pa\/wp-content\/uploads\/2018\/07\/netxinvestor.jpg\u00bb disabled_on=\u00bbon|on|on\u00bb _builder_version=\u00bb3.0.106&#8243; \/][et_pb_divider global_parent=\u00bb88&#8243; _builder_version=\u00bb3.0.106&#8243; \/][et_pb_button global_parent=\u00bb88&#8243; button_url=\u00bbhttps:\/\/www.miuracapital.com.pa\/new-account\/\u00bb button_text=\u00bbNew Account\u00bb disabled_on=\u00bbon|on|on\u00bb _builder_version=\u00bb3.0.106&#8243; custom_button=\u00bbon\u00bb button_text_color=\u00bb#13284b\u00bb button_border_color=\u00bb#13284b\u00bb button_border_radius=\u00bb9px\u00bb \/][et_pb_button global_parent=\u00bb88&#8243; button_url=\u00bbhttps:\/\/www.netxinvestor.com\/web\/netxinvestor\/login\u00bb url_new_window=\u00bbon\u00bb button_text=\u00bbLogin\u00bb disabled_on=\u00bbon|on|on\u00bb _builder_version=\u00bb3.0.106&#8243; custom_button=\u00bbon\u00bb button_text_color=\u00bb#ffffff\u00bb button_bg_color=\u00bb#13284B\u00bb button_border_radius=\u00bb9px\u00bb button_font=\u00bb||||||||\u00bb \/][\/et_pb_column][\/et_pb_row][\/et_pb_section]<\/p>\n","protected":false},"excerpt":{"rendered":"<p>Prosperidad Financiera Productos y Servicios Miura Capital Panam\u00e1 inc. realizar\u00e1 todas las actividades propias del negocio de casa de valores previstas en la Ley de Valores y en el art\u00edculo 3 del Acuerdo No. 2-2011, las cuales incluyen actividades compatibles con el objeto social de una casa de valores, tales como: <div class=\"et_pb_row et_pb_row_0 et_pb_row_empty\">\n\t\t\t\t\n\t\t\t\t\n\t\t\t\t\n\t\t\t\t\n\t\t\t\t\n\t\t\t<\/div> \u00bfTiene una pregunta, [&hellip;]<\/p>\n","protected":false},"author":1,"featured_media":0,"parent":0,"menu_order":0,"comment_status":"closed","ping_status":"closed","template":"","meta":{"pgc_meta":"","_et_pb_use_builder":"on","_et_pb_old_content":"","_et_gb_content_width":"","inline_featured_image":false,"footnotes":""},"class_list":["post-103","page","type-page","status-publish","hentry"],"pgc_meta":"","_links":{"self":[{"href":"https:\/\/miuracapital.com.pa\/index.php?rest_route=\/wp\/v2\/pages\/103","targetHints":{"allow":["GET"]}}],"collection":[{"href":"https:\/\/miuracapital.com.pa\/index.php?rest_route=\/wp\/v2\/pages"}],"about":[{"href":"https:\/\/miuracapital.com.pa\/index.php?rest_route=\/wp\/v2\/types\/page"}],"author":[{"embeddable":true,"href":"https:\/\/miuracapital.com.pa\/index.php?rest_route=\/wp\/v2\/users\/1"}],"replies":[{"embeddable":true,"href":"https:\/\/miuracapital.com.pa\/index.php?rest_route=%2Fwp%2Fv2%2Fcomments&post=103"}],"version-history":[{"count":1,"href":"https:\/\/miuracapital.com.pa\/index.php?rest_route=\/wp\/v2\/pages\/103\/revisions"}],"predecessor-version":[{"id":3858,"href":"https:\/\/miuracapital.com.pa\/index.php?rest_route=\/wp\/v2\/pages\/103\/revisions\/3858"}],"wp:attachment":[{"href":"https:\/\/miuracapital.com.pa\/index.php?rest_route=%2Fwp%2Fv2%2Fmedia&parent=103"}],"curies":[{"name":"wp","href":"https:\/\/api.w.org\/{rel}","templated":true}]}}